{"id":41,"date":"2025-05-09T13:25:02","date_gmt":"2025-05-09T11:25:02","guid":{"rendered":"http:\/\/andamioscolma.com\/?page_id=41"},"modified":"2025-08-28T10:46:03","modified_gmt":"2025-08-28T08:46:03","slug":"andamios-colgantes","status":"publish","type":"page","link":"https:\/\/andamioscolma.com\/index.php\/andamios-colgantes\/","title":{"rendered":"Andamios colgantes"},"content":{"rendered":"\n<p><mark style=\"background-color:rgba(0, 0, 0, 0)\" class=\"has-inline-color has-black-color\">Nuestro andamio el\u00e9ctrico colgante, es ligero y robusto ya que la cabina de trabajo esta dise\u00f1ada casi en su totalidad de aluminio, las plataformas existen desde 1metro hasta 3 metros pudiendo llegar hasta los 16 metros, las plataformas van ensambladas con bulones, con un ancho de trabajo de 0,72 cent\u00edmetros.<\/mark><\/p>\n\n\n\n<p><mark style=\"background-color:rgba(0, 0, 0, 0)\" class=\"has-inline-color has-black-color\">Los motores se pueden colocar en los extremos o tambi\u00e9n se pueden colocar en las liras de paso, dejando as\u00ed los laterales libres.<\/mark><\/p>\n\n\n\n<p><mark style=\"background-color:rgba(0, 0, 0, 0)\" class=\"has-inline-color has-black-color\">Nuestros motores son los ae500, que pueden con 500kg cada uno de peso y lo mejor de estos motores no es que sean los mas nuevos del mercado si no que van a corriente monof\u00e1sica, sin necesidad de colocar un cuadro extra en la mayor\u00eda de comunidades donde no existe corriente trif\u00e1sica.<\/mark><\/p>\n\n\n\n<p><mark style=\"background-color:rgba(0, 0, 0, 0)\" class=\"has-inline-color has-black-color\">Nuestros pescantes ptma 800 se pueden configurar de muchas formas y medidas, tambi\u00e9n disponemos de los pescantes basculantes, donde se puede montar andamio en la terraza con un peto de 1 metro y bajar la plataforma hasta abajo sin la necesidad de llegar hasta el suelo, apta pata las comunidades donde los vecinos tienes p\u00e9rgolas o techos de diferentes tipos o simplemente no quieren que se pise en su terraza.<\/mark><\/p>\n\n\n\n<p><mark style=\"background-color:rgba(0, 0, 0, 0)\" class=\"has-inline-color has-black-color\">En todos los aspectos intentaremos dar soluci\u00f3n a cada trabajo<\/mark>.<\/p>\n\n\n\n<figure class=\"wp-block-gallery has-nested-images columns-default is-cropped wp-block-gallery-1 is-layout-flex wp-block-gallery-is-layout-flex\">\n<figure class=\"wp-block-image size-large\"><img loading=\"lazy\" decoding=\"async\" width=\"1024\" height=\"768\" data-id=\"480\" src=\"https:\/\/andamioscolma.com\/wp-content\/uploads\/2025\/08\/IMG-20210531-WA0009-1024x768.jpg\" alt=\"\" class=\"wp-image-480\" srcset=\"https:\/\/andamioscolma.com\/wp-content\/uploads\/2025\/08\/IMG-20210531-WA0009-1024x768.jpg 1024w, https:\/\/andamioscolma.com\/wp-content\/uploads\/2025\/08\/IMG-20210531-WA0009-300x225.jpg 300w, https:\/\/andamioscolma.com\/wp-content\/uploads\/2025\/08\/IMG-20210531-WA0009-768x576.jpg 768w, https:\/\/andamioscolma.com\/wp-content\/uploads\/2025\/08\/IMG-20210531-WA0009-1536x1152.jpg 1536w, https:\/\/andamioscolma.com\/wp-content\/uploads\/2025\/08\/IMG-20210531-WA0009.jpg 1600w\" sizes=\"auto, (max-width: 1024px) 100vw, 1024px\" \/><\/figure>\n\n\n\n<figure class=\"wp-block-image size-large\"><img loading=\"lazy\" decoding=\"async\" width=\"1024\" height=\"461\" data-id=\"481\" src=\"https:\/\/andamioscolma.com\/wp-content\/uploads\/2025\/08\/IMG-20220514-WA0011-1024x461.jpg\" alt=\"\" class=\"wp-image-481\" srcset=\"https:\/\/andamioscolma.com\/wp-content\/uploads\/2025\/08\/IMG-20220514-WA0011-1024x461.jpg 1024w, https:\/\/andamioscolma.com\/wp-content\/uploads\/2025\/08\/IMG-20220514-WA0011-300x135.jpg 300w, https:\/\/andamioscolma.com\/wp-content\/uploads\/2025\/08\/IMG-20220514-WA0011-768x346.jpg 768w, https:\/\/andamioscolma.com\/wp-content\/uploads\/2025\/08\/IMG-20220514-WA0011-1536x692.jpg 1536w, https:\/\/andamioscolma.com\/wp-content\/uploads\/2025\/08\/IMG-20220514-WA0011.jpg 2016w\" sizes=\"auto, (max-width: 1024px) 100vw, 1024px\" \/><\/figure>\n\n\n\n<figure class=\"wp-block-image size-large\"><img loading=\"lazy\" decoding=\"async\" width=\"1024\" height=\"461\" data-id=\"482\" src=\"https:\/\/andamioscolma.com\/wp-content\/uploads\/2025\/08\/IMG-20220514-WA0013-1024x461.jpg\" alt=\"\" class=\"wp-image-482\" srcset=\"https:\/\/andamioscolma.com\/wp-content\/uploads\/2025\/08\/IMG-20220514-WA0013-1024x461.jpg 1024w, https:\/\/andamioscolma.com\/wp-content\/uploads\/2025\/08\/IMG-20220514-WA0013-300x135.jpg 300w, https:\/\/andamioscolma.com\/wp-content\/uploads\/2025\/08\/IMG-20220514-WA0013-768x346.jpg 768w, https:\/\/andamioscolma.com\/wp-content\/uploads\/2025\/08\/IMG-20220514-WA0013-1536x692.jpg 1536w, https:\/\/andamioscolma.com\/wp-content\/uploads\/2025\/08\/IMG-20220514-WA0013.jpg 2016w\" sizes=\"auto, (max-width: 1024px) 100vw, 1024px\" \/><\/figure>\n\n\n\n<figure class=\"wp-block-image size-large\"><img loading=\"lazy\" decoding=\"async\" width=\"1024\" height=\"768\" data-id=\"483\" src=\"https:\/\/andamioscolma.com\/wp-content\/uploads\/2025\/08\/IMG-20220527-WA0009-1024x768.jpg\" alt=\"\" class=\"wp-image-483\" srcset=\"https:\/\/andamioscolma.com\/wp-content\/uploads\/2025\/08\/IMG-20220527-WA0009-1024x768.jpg 1024w, https:\/\/andamioscolma.com\/wp-content\/uploads\/2025\/08\/IMG-20220527-WA0009-300x225.jpg 300w, https:\/\/andamioscolma.com\/wp-content\/uploads\/2025\/08\/IMG-20220527-WA0009-768x576.jpg 768w, https:\/\/andamioscolma.com\/wp-content\/uploads\/2025\/08\/IMG-20220527-WA0009-1536x1152.jpg 1536w, https:\/\/andamioscolma.com\/wp-content\/uploads\/2025\/08\/IMG-20220527-WA0009.jpg 1984w\" sizes=\"auto, (max-width: 1024px) 100vw, 1024px\" \/><\/figure>\n\n\n\n<figure class=\"wp-block-image size-large\"><img loading=\"lazy\" decoding=\"async\" width=\"1024\" height=\"768\" data-id=\"484\" src=\"https:\/\/andamioscolma.com\/wp-content\/uploads\/2025\/08\/IMG-20220527-WA0010-1024x768.jpg\" alt=\"\" class=\"wp-image-484\" srcset=\"https:\/\/andamioscolma.com\/wp-content\/uploads\/2025\/08\/IMG-20220527-WA0010-1024x768.jpg 1024w, https:\/\/andamioscolma.com\/wp-content\/uploads\/2025\/08\/IMG-20220527-WA0010-300x225.jpg 300w, https:\/\/andamioscolma.com\/wp-content\/uploads\/2025\/08\/IMG-20220527-WA0010-768x576.jpg 768w, https:\/\/andamioscolma.com\/wp-content\/uploads\/2025\/08\/IMG-20220527-WA0010-1536x1152.jpg 1536w, https:\/\/andamioscolma.com\/wp-content\/uploads\/2025\/08\/IMG-20220527-WA0010.jpg 1984w\" sizes=\"auto, (max-width: 1024px) 100vw, 1024px\" \/><\/figure>\n\n\n\n<figure class=\"wp-block-image size-large\"><img loading=\"lazy\" decoding=\"async\" width=\"1024\" height=\"768\" data-id=\"485\" src=\"https:\/\/andamioscolma.com\/wp-content\/uploads\/2025\/08\/IMG-20220527-WA0011-1024x768.jpg\" alt=\"\" class=\"wp-image-485\" srcset=\"https:\/\/andamioscolma.com\/wp-content\/uploads\/2025\/08\/IMG-20220527-WA0011-1024x768.jpg 1024w, https:\/\/andamioscolma.com\/wp-content\/uploads\/2025\/08\/IMG-20220527-WA0011-300x225.jpg 300w, https:\/\/andamioscolma.com\/wp-content\/uploads\/2025\/08\/IMG-20220527-WA0011-768x576.jpg 768w, https:\/\/andamioscolma.com\/wp-content\/uploads\/2025\/08\/IMG-20220527-WA0011-1536x1152.jpg 1536w, https:\/\/andamioscolma.com\/wp-content\/uploads\/2025\/08\/IMG-20220527-WA0011.jpg 1600w\" sizes=\"auto, (max-width: 1024px) 100vw, 1024px\" \/><\/figure>\n\n\n\n<figure class=\"wp-block-image size-large\"><img loading=\"lazy\" decoding=\"async\" width=\"1024\" height=\"768\" data-id=\"486\" src=\"https:\/\/andamioscolma.com\/wp-content\/uploads\/2025\/08\/IMG-20220527-WA0012-1024x768.jpg\" alt=\"\" class=\"wp-image-486\" srcset=\"https:\/\/andamioscolma.com\/wp-content\/uploads\/2025\/08\/IMG-20220527-WA0012-1024x768.jpg 1024w, https:\/\/andamioscolma.com\/wp-content\/uploads\/2025\/08\/IMG-20220527-WA0012-300x225.jpg 300w, https:\/\/andamioscolma.com\/wp-content\/uploads\/2025\/08\/IMG-20220527-WA0012-768x576.jpg 768w, https:\/\/andamioscolma.com\/wp-content\/uploads\/2025\/08\/IMG-20220527-WA0012-1536x1152.jpg 1536w, https:\/\/andamioscolma.com\/wp-content\/uploads\/2025\/08\/IMG-20220527-WA0012.jpg 1600w\" sizes=\"auto, (max-width: 1024px) 100vw, 1024px\" \/><\/figure>\n\n\n\n<figure class=\"wp-block-image size-large\"><img loading=\"lazy\" decoding=\"async\" width=\"768\" height=\"1024\" data-id=\"488\" src=\"https:\/\/andamioscolma.com\/wp-content\/uploads\/2025\/08\/IMG-20220527-WA0013-768x1024.jpg\" alt=\"\" class=\"wp-image-488\" srcset=\"https:\/\/andamioscolma.com\/wp-content\/uploads\/2025\/08\/IMG-20220527-WA0013-768x1024.jpg 768w, https:\/\/andamioscolma.com\/wp-content\/uploads\/2025\/08\/IMG-20220527-WA0013-225x300.jpg 225w, https:\/\/andamioscolma.com\/wp-content\/uploads\/2025\/08\/IMG-20220527-WA0013-1152x1536.jpg 1152w, https:\/\/andamioscolma.com\/wp-content\/uploads\/2025\/08\/IMG-20220527-WA0013.jpg 1200w\" sizes=\"auto, (max-width: 768px) 100vw, 768px\" \/><\/figure>\n\n\n\n<figure class=\"wp-block-image size-large\"><img loading=\"lazy\" decoding=\"async\" width=\"1024\" height=\"768\" data-id=\"489\" src=\"https:\/\/andamioscolma.com\/wp-content\/uploads\/2025\/08\/IMG-20220527-WA0015-1024x768.jpg\" alt=\"\" class=\"wp-image-489\" srcset=\"https:\/\/andamioscolma.com\/wp-content\/uploads\/2025\/08\/IMG-20220527-WA0015-1024x768.jpg 1024w, https:\/\/andamioscolma.com\/wp-content\/uploads\/2025\/08\/IMG-20220527-WA0015-300x225.jpg 300w, https:\/\/andamioscolma.com\/wp-content\/uploads\/2025\/08\/IMG-20220527-WA0015-768x576.jpg 768w, https:\/\/andamioscolma.com\/wp-content\/uploads\/2025\/08\/IMG-20220527-WA0015-1536x1152.jpg 1536w, https:\/\/andamioscolma.com\/wp-content\/uploads\/2025\/08\/IMG-20220527-WA0015.jpg 1600w\" sizes=\"auto, (max-width: 1024px) 100vw, 1024px\" \/><\/figure>\n\n\n\n<figure class=\"wp-block-image size-large\"><img loading=\"lazy\" decoding=\"async\" width=\"1024\" height=\"768\" data-id=\"490\" src=\"https:\/\/andamioscolma.com\/wp-content\/uploads\/2025\/08\/IMG-20220702-WA0008-1024x768.jpg\" alt=\"\" class=\"wp-image-490\" srcset=\"https:\/\/andamioscolma.com\/wp-content\/uploads\/2025\/08\/IMG-20220702-WA0008-1024x768.jpg 1024w, https:\/\/andamioscolma.com\/wp-content\/uploads\/2025\/08\/IMG-20220702-WA0008-300x225.jpg 300w, https:\/\/andamioscolma.com\/wp-content\/uploads\/2025\/08\/IMG-20220702-WA0008-768x576.jpg 768w, https:\/\/andamioscolma.com\/wp-content\/uploads\/2025\/08\/IMG-20220702-WA0008-1536x1152.jpg 1536w, https:\/\/andamioscolma.com\/wp-content\/uploads\/2025\/08\/IMG-20220702-WA0008.jpg 1600w\" sizes=\"auto, (max-width: 1024px) 100vw, 1024px\" \/><\/figure>\n\n\n\n<figure class=\"wp-block-image size-large\"><img loading=\"lazy\" decoding=\"async\" width=\"768\" height=\"1024\" data-id=\"491\" src=\"https:\/\/andamioscolma.com\/wp-content\/uploads\/2025\/08\/IMG-20220702-WA0011-768x1024.jpg\" alt=\"\" class=\"wp-image-491\" srcset=\"https:\/\/andamioscolma.com\/wp-content\/uploads\/2025\/08\/IMG-20220702-WA0011-768x1024.jpg 768w, https:\/\/andamioscolma.com\/wp-content\/uploads\/2025\/08\/IMG-20220702-WA0011-225x300.jpg 225w, https:\/\/andamioscolma.com\/wp-content\/uploads\/2025\/08\/IMG-20220702-WA0011-1152x1536.jpg 1152w, https:\/\/andamioscolma.com\/wp-content\/uploads\/2025\/08\/IMG-20220702-WA0011.jpg 1200w\" sizes=\"auto, (max-width: 768px) 100vw, 768px\" \/><\/figure>\n\n\n\n<figure class=\"wp-block-image size-large\"><img loading=\"lazy\" decoding=\"async\" width=\"1024\" height=\"768\" data-id=\"492\" src=\"https:\/\/andamioscolma.com\/wp-content\/uploads\/2025\/08\/IMG-20220702-WA0015-1024x768.jpg\" alt=\"\" class=\"wp-image-492\" srcset=\"https:\/\/andamioscolma.com\/wp-content\/uploads\/2025\/08\/IMG-20220702-WA0015-1024x768.jpg 1024w, https:\/\/andamioscolma.com\/wp-content\/uploads\/2025\/08\/IMG-20220702-WA0015-300x225.jpg 300w, https:\/\/andamioscolma.com\/wp-content\/uploads\/2025\/08\/IMG-20220702-WA0015-768x576.jpg 768w, https:\/\/andamioscolma.com\/wp-content\/uploads\/2025\/08\/IMG-20220702-WA0015-1536x1152.jpg 1536w, https:\/\/andamioscolma.com\/wp-content\/uploads\/2025\/08\/IMG-20220702-WA0015.jpg 1600w\" sizes=\"auto, (max-width: 1024px) 100vw, 1024px\" \/><\/figure>\n\n\n\n<figure class=\"wp-block-image size-large\"><img loading=\"lazy\" decoding=\"async\" width=\"1024\" height=\"768\" data-id=\"494\" src=\"https:\/\/andamioscolma.com\/wp-content\/uploads\/2025\/08\/IMG-20220702-WA0016-1024x768.jpg\" alt=\"\" class=\"wp-image-494\" srcset=\"https:\/\/andamioscolma.com\/wp-content\/uploads\/2025\/08\/IMG-20220702-WA0016-1024x768.jpg 1024w, https:\/\/andamioscolma.com\/wp-content\/uploads\/2025\/08\/IMG-20220702-WA0016-300x225.jpg 300w, https:\/\/andamioscolma.com\/wp-content\/uploads\/2025\/08\/IMG-20220702-WA0016-768x576.jpg 768w, https:\/\/andamioscolma.com\/wp-content\/uploads\/2025\/08\/IMG-20220702-WA0016-1536x1152.jpg 1536w, https:\/\/andamioscolma.com\/wp-content\/uploads\/2025\/08\/IMG-20220702-WA0016.jpg 1600w\" sizes=\"auto, (max-width: 1024px) 100vw, 1024px\" \/><\/figure>\n\n\n\n<figure class=\"wp-block-image size-full\"><img loading=\"lazy\" decoding=\"async\" width=\"1024\" height=\"461\" data-id=\"495\" src=\"https:\/\/andamioscolma.com\/wp-content\/uploads\/2025\/08\/IMG-20221102-WA0003.jpg\" alt=\"\" class=\"wp-image-495\" srcset=\"https:\/\/andamioscolma.com\/wp-content\/uploads\/2025\/08\/IMG-20221102-WA0003.jpg 1024w, https:\/\/andamioscolma.com\/wp-content\/uploads\/2025\/08\/IMG-20221102-WA0003-300x135.jpg 300w, https:\/\/andamioscolma.com\/wp-content\/uploads\/2025\/08\/IMG-20221102-WA0003-768x346.jpg 768w\" sizes=\"auto, (max-width: 1024px) 100vw, 1024px\" \/><\/figure>\n\n\n\n<figure class=\"wp-block-image size-full\"><img loading=\"lazy\" decoding=\"async\" width=\"346\" height=\"768\" data-id=\"496\" src=\"https:\/\/andamioscolma.com\/wp-content\/uploads\/2025\/08\/IMG-20221102-WA0005.jpg\" alt=\"\" class=\"wp-image-496\" srcset=\"https:\/\/andamioscolma.com\/wp-content\/uploads\/2025\/08\/IMG-20221102-WA0005.jpg 346w, https:\/\/andamioscolma.com\/wp-content\/uploads\/2025\/08\/IMG-20221102-WA0005-135x300.jpg 135w\" sizes=\"auto, (max-width: 346px) 100vw, 346px\" \/><\/figure>\n\n\n\n<figure class=\"wp-block-image size-full\"><img loading=\"lazy\" decoding=\"async\" width=\"1024\" height=\"461\" data-id=\"497\" src=\"https:\/\/andamioscolma.com\/wp-content\/uploads\/2025\/08\/IMG-20221102-WA0006.jpg\" alt=\"\" class=\"wp-image-497\" srcset=\"https:\/\/andamioscolma.com\/wp-content\/uploads\/2025\/08\/IMG-20221102-WA0006.jpg 1024w, https:\/\/andamioscolma.com\/wp-content\/uploads\/2025\/08\/IMG-20221102-WA0006-300x135.jpg 300w, https:\/\/andamioscolma.com\/wp-content\/uploads\/2025\/08\/IMG-20221102-WA0006-768x346.jpg 768w\" sizes=\"auto, (max-width: 1024px) 100vw, 1024px\" \/><\/figure>\n\n\n\n<figure class=\"wp-block-image size-full\"><img loading=\"lazy\" decoding=\"async\" width=\"1024\" height=\"461\" data-id=\"498\" src=\"https:\/\/andamioscolma.com\/wp-content\/uploads\/2025\/08\/IMG-20221102-WA0008.jpg\" alt=\"\" class=\"wp-image-498\" srcset=\"https:\/\/andamioscolma.com\/wp-content\/uploads\/2025\/08\/IMG-20221102-WA0008.jpg 1024w, https:\/\/andamioscolma.com\/wp-content\/uploads\/2025\/08\/IMG-20221102-WA0008-300x135.jpg 300w, https:\/\/andamioscolma.com\/wp-content\/uploads\/2025\/08\/IMG-20221102-WA0008-768x346.jpg 768w\" sizes=\"auto, (max-width: 1024px) 100vw, 1024px\" \/><\/figure>\n\n\n\n<figure class=\"wp-block-image size-full\"><img loading=\"lazy\" decoding=\"async\" width=\"1024\" height=\"461\" data-id=\"499\" src=\"https:\/\/andamioscolma.com\/wp-content\/uploads\/2025\/08\/IMG-20221102-WA0010.jpg\" alt=\"\" class=\"wp-image-499\" srcset=\"https:\/\/andamioscolma.com\/wp-content\/uploads\/2025\/08\/IMG-20221102-WA0010.jpg 1024w, https:\/\/andamioscolma.com\/wp-content\/uploads\/2025\/08\/IMG-20221102-WA0010-300x135.jpg 300w, https:\/\/andamioscolma.com\/wp-content\/uploads\/2025\/08\/IMG-20221102-WA0010-768x346.jpg 768w\" sizes=\"auto, (max-width: 1024px) 100vw, 1024px\" \/><\/figure>\n\n\n\n<figure class=\"wp-block-image size-full\"><img loading=\"lazy\" decoding=\"async\" width=\"1024\" height=\"461\" data-id=\"500\" src=\"https:\/\/andamioscolma.com\/wp-content\/uploads\/2025\/08\/IMG-20221102-WA0011.jpg\" alt=\"\" class=\"wp-image-500\" srcset=\"https:\/\/andamioscolma.com\/wp-content\/uploads\/2025\/08\/IMG-20221102-WA0011.jpg 1024w, https:\/\/andamioscolma.com\/wp-content\/uploads\/2025\/08\/IMG-20221102-WA0011-300x135.jpg 300w, https:\/\/andamioscolma.com\/wp-content\/uploads\/2025\/08\/IMG-20221102-WA0011-768x346.jpg 768w\" sizes=\"auto, (max-width: 1024px) 100vw, 1024px\" \/><\/figure>\n<\/figure>\n","protected":false},"excerpt":{"rendered":"<p>Nuestro andamio el\u00e9ctrico colgante, es ligero y robusto ya que la cabina de trabajo esta dise\u00f1ada casi en su totalidad de aluminio, las plataformas existen desde 1metro hasta 3 metros &#8230;<\/p>\n","protected":false},"author":1,"featured_media":0,"parent":0,"menu_order":0,"comment_status":"closed","ping_status":"closed","template":"","meta":{"footnotes":""},"class_list":["post-41","page","type-page","status-publish","hentry"],"_links":{"self":[{"href":"https:\/\/andamioscolma.com\/index.php\/wp-json\/wp\/v2\/pages\/41","targetHints":{"allow":["GET"]}}],"collection":[{"href":"https:\/\/andamioscolma.com\/index.php\/wp-json\/wp\/v2\/pages"}],"about":[{"href":"https:\/\/andamioscolma.com\/index.php\/wp-json\/wp\/v2\/types\/page"}],"author":[{"embeddable":true,"href":"https:\/\/andamioscolma.com\/index.php\/wp-json\/wp\/v2\/users\/1"}],"replies":[{"embeddable":true,"href":"https:\/\/andamioscolma.com\/index.php\/wp-json\/wp\/v2\/comments?post=41"}],"version-history":[{"count":12,"href":"https:\/\/andamioscolma.com\/index.php\/wp-json\/wp\/v2\/pages\/41\/revisions"}],"predecessor-version":[{"id":502,"href":"https:\/\/andamioscolma.com\/index.php\/wp-json\/wp\/v2\/pages\/41\/revisions\/502"}],"wp:attachment":[{"href":"https:\/\/andamioscolma.com\/index.php\/wp-json\/wp\/v2\/media?parent=41"}],"curies":[{"name":"wp","href":"https:\/\/api.w.org\/{rel}","templated":true}]}}