{"id":38,"date":"2025-05-09T13:24:36","date_gmt":"2025-05-09T11:24:36","guid":{"rendered":"http:\/\/andamioscolma.com\/?page_id=38"},"modified":"2025-05-14T12:46:45","modified_gmt":"2025-05-14T10:46:45","slug":"aeronaval","status":"publish","type":"page","link":"https:\/\/andamioscolma.com\/index.php\/aeronaval\/","title":{"rendered":"Aeronaval"},"content":{"rendered":"\n<div class=\"wp-block-columns is-layout-flex wp-container-core-columns-is-layout-9d6595d7 wp-block-columns-is-layout-flex\">\n<div class=\"wp-block-column is-layout-flow wp-block-column-is-layout-flow\">\n<figure class=\"wp-block-image size-full is-resized\"><img loading=\"lazy\" decoding=\"async\" width=\"545\" height=\"480\" src=\"http:\/\/andamioscolma.com\/wp-content\/uploads\/2025\/05\/Aeronaval-1.jpg\" alt=\"\" class=\"wp-image-53\" style=\"width:334px;height:auto\" srcset=\"https:\/\/andamioscolma.com\/wp-content\/uploads\/2025\/05\/Aeronaval-1.jpg 545w, https:\/\/andamioscolma.com\/wp-content\/uploads\/2025\/05\/Aeronaval-1-300x264.jpg 300w\" sizes=\"auto, (max-width: 545px) 100vw, 545px\" \/><\/figure>\n<\/div>\n\n\n\n<div class=\"wp-block-column is-vertically-aligned-top is-layout-flow wp-block-column-is-layout-flow\">\n<p class=\"has-text-align-left\"><mark style=\"background-color:rgba(0, 0, 0, 0)\" class=\"has-inline-color has-black-color\">Nuestra vocaci\u00f3n de servicio, conocimiento del sector, distribuci\u00f3n geogr\u00e1fica y flexibilidad, hacen que podamos atender las necesidades en el montaje de andamios en los diversos astilleros p\u00fablicos y privados a nivel nacional, colaborando en tareas de nueva construcci\u00f3n y rehabilitaci\u00f3n de todo tipo de barcos, buques y yates de gran eslora.\u00a0Adem\u00e1s tambi\u00e9n incluimos nuestros servicios al sector a\u00e9reo en la reparaci\u00f3n de helic\u00f3pteros, aviones etc&#8230;<\/mark><\/p>\n\n\n\n<p class=\"has-text-align-left\"><mark style=\"background-color:rgba(0, 0, 0, 0)\" class=\"has-inline-color has-black-color\">Los andamios forman un sistema de contenci\u00f3n de yates para brindar a los contratistas de pintura, carpinteros, seguros etc., una zona en la que puedan trabajar con seguridad y que tengan un ambiente limpio y seco sin los problemas que pueden causar las inclemencias del tiempo, asegurando as\u00ed que sus proyectos se terminen en tiempo y forma.\u00a0<\/mark><\/p>\n<\/div>\n<\/div>\n\n\n<div class=\"wp-block-image\">\n<figure class=\"alignright is-resized\"><img decoding=\"async\" src=\"https:\/\/www.andamioscolma.com\/sites\/default\/files\/galeria\/foto5%20%28Small%29.JPG\" alt=\"\" style=\"width:272px;height:auto\"\/><\/figure>\n<\/div>\n\n\n<p><br><br><br><mark style=\"background-color:rgba(0, 0, 0, 0)\" class=\"has-inline-color has-black-color\">Cada barco tiene una estructura diferente, pero con nuestro andamio multidireccional solventamos y nos adaptamos a cualquier superficie consiguiendo as\u00ed un excelente acabado. Siempre trabajamos con la m\u00e1xima seguridad tanto para nuestros trabajadores propios como para los siguientes contratistas que van a usar nuestros equipos auxiliares.<\/mark><br><br><\/p>\n\n\n\n<p><mark style=\"background-color:rgba(0, 0, 0, 0)\" class=\"has-inline-color has-black-color\">El uso de la alta calidad del pl\u00e1stico que usamos nos hace diferenciar entre los dem\u00e1s, es un pl\u00e1stico ignifugo film retr\u00e1ctil que nos ofrece protecci\u00f3n m\u00e1xima ante cualquier trabajo, el montaje se puede hacer en cualquier superficie como, cubierta, proa, popa babor o estribor de yates completos o parciales, m\u00e1stiles botavaras, h\u00e9lices etc&#8230; Nuestro trabajo se basa en la calidad y eso se ve reflejado en la terminaci\u00f3n final de la reparaci\u00f3n<\/mark>.<\/p>\n\n\n\n<p><\/p>\n","protected":false},"excerpt":{"rendered":"<p>Nuestra vocaci\u00f3n de servicio, conocimiento del sector, distribuci\u00f3n geogr\u00e1fica y flexibilidad, hacen que podamos atender las necesidades en el montaje de andamios en los diversos astilleros p\u00fablicos y privados a &#8230;<\/p>\n","protected":false},"author":1,"featured_media":0,"parent":0,"menu_order":0,"comment_status":"closed","ping_status":"closed","template":"","meta":{"footnotes":""},"class_list":["post-38","page","type-page","status-publish","hentry"],"_links":{"self":[{"href":"https:\/\/andamioscolma.com\/index.php\/wp-json\/wp\/v2\/pages\/38","targetHints":{"allow":["GET"]}}],"collection":[{"href":"https:\/\/andamioscolma.com\/index.php\/wp-json\/wp\/v2\/pages"}],"about":[{"href":"https:\/\/andamioscolma.com\/index.php\/wp-json\/wp\/v2\/types\/page"}],"author":[{"embeddable":true,"href":"https:\/\/andamioscolma.com\/index.php\/wp-json\/wp\/v2\/users\/1"}],"replies":[{"embeddable":true,"href":"https:\/\/andamioscolma.com\/index.php\/wp-json\/wp\/v2\/comments?post=38"}],"version-history":[{"count":9,"href":"https:\/\/andamioscolma.com\/index.php\/wp-json\/wp\/v2\/pages\/38\/revisions"}],"predecessor-version":[{"id":252,"href":"https:\/\/andamioscolma.com\/index.php\/wp-json\/wp\/v2\/pages\/38\/revisions\/252"}],"wp:attachment":[{"href":"https:\/\/andamioscolma.com\/index.php\/wp-json\/wp\/v2\/media?parent=38"}],"curies":[{"name":"wp","href":"https:\/\/api.w.org\/{rel}","templated":true}]}}