{"id":17,"date":"2025-05-09T12:10:57","date_gmt":"2025-05-09T10:10:57","guid":{"rendered":"http:\/\/andamioscolma.com\/?page_id=17"},"modified":"2025-05-19T13:51:19","modified_gmt":"2025-05-19T11:51:19","slug":"quienes-somos","status":"publish","type":"page","link":"https:\/\/andamioscolma.com\/index.php\/quienes-somos\/","title":{"rendered":"Quienes Somos"},"content":{"rendered":"\n<p><mark style=\"background-color:rgba(0, 0, 0, 0)\" class=\"has-inline-color has-black-color\">Desde su fundaci\u00f3n en el a\u00f1o 2006, Montajes y Andamios Colma S.L. de aqu\u00ed en adelante M.A. Colma, ha contribuido de manera determinante al desarrollo de t\u00e9cnicas constructivas, as\u00ed como tambi\u00e9n en la realizaci\u00f3n de obras civiles, de edificaci\u00f3n, refiner\u00edas, montajes de barcos tanto en agua como dique seco, y montaje de las coberturas termo-film retr\u00e1ctil, resistente al fuego, formando una c\u00e1mara para el pintado y acondicionamiento de los barcos. Actualmente M.A. Colma cuenta con un departamento de producci\u00f3n altamente capacitado, formado por gente joven, que cumple con la tarea de establecer relaciones laborales con nuestros clientes otorgando calidad, creatividad, seguridad y la m\u00e1xima eficiencia en nuestros servicios.&nbsp;<\/mark><\/p>\n\n\n\n<div class=\"wp-block-columns is-layout-flex wp-container-core-columns-is-layout-9d6595d7 wp-block-columns-is-layout-flex\">\n<div class=\"wp-block-column is-layout-flow wp-block-column-is-layout-flow\" style=\"flex-basis:50%\">\n<p><mark style=\"background-color:rgba(0, 0, 0, 0)\" class=\"has-inline-color has-black-color\">Desarrollando su actividad a trav\u00e9s de 3 divisiones: industria, construcci\u00f3n de edificaci\u00f3n y obra civil, estructuras aeronavales y aislamiento termo-film. M.A. Colma se ha consolidado en el mercado como una alternativa solida, ofreciendo soluciones de optima rentabilidad en cuanto a estructuras y obras con un alta grado de dificultad. Nuestra empresa trabaja con varias empresas del sector de los andamios, como &#8230;&#8230;Ulma, Layher, Peri, Sten&#8230;etc. Los encofrados especiales que hemos montado han sido siempre de la marca Peri, pero eso no significa que sean los \u00fanicos ya que nos adaptamos muy f\u00e1cilmente a cualquier tipo de material.<\/mark><\/p>\n<\/div>\n\n\n\n<div class=\"wp-block-column is-layout-flow wp-block-column-is-layout-flow\" style=\"flex-basis:50%\">\n<figure class=\"wp-block-image\"><img decoding=\"async\" src=\"https:\/\/www.andamioscolma.com\/sites\/default\/files\/galeria\/prueba.jpg\" alt=\"\"\/><\/figure>\n<\/div>\n<\/div>\n\n\n\n<p><mark style=\"background-color:rgba(0, 0, 0, 0)\" class=\"has-inline-color has-black-color\">Factores diferenciales propios y Clave de nuestro \u00e9xito:<\/mark><\/p>\n\n\n\n<ol class=\"wp-block-list\">\n<li><mark style=\"background-color:rgba(0, 0, 0, 0)\" class=\"has-inline-color has-black-color\">Gran trayectoria y experiencia Nacional.<\/mark><\/li>\n\n\n\n<li><mark style=\"background-color:rgba(0, 0, 0, 0)\" class=\"has-inline-color has-black-color\">Capacidad t\u00e9cnica en ingenier\u00eda de apoyo y direcci\u00f3n de obra.<\/mark><\/li>\n\n\n\n<li><mark style=\"background-color:rgba(0, 0, 0, 0)\" class=\"has-inline-color has-black-color\">Ejecuci\u00f3n de grandes proyectos mediante la cooperaci\u00f3n de las multinacionales europeas del sector andamios y encofrados, con el personal mejor cualificado.<\/mark><\/li>\n\n\n\n<li><mark style=\"background-color:rgba(0, 0, 0, 0)\" class=\"has-inline-color has-black-color\">M\u00e1ximas condiciones de Seguridad y Salud para nuestros trabajadores, clientes y proveedores.<\/mark><\/li>\n<\/ol>\n\n\n\n<p><\/p>\n\n\n\n<p><\/p>\n","protected":false},"excerpt":{"rendered":"<p>Desde su fundaci\u00f3n en el a\u00f1o 2006, Montajes y Andamios Colma S.L. de aqu\u00ed en adelante M.A. Colma, ha contribuido de manera determinante al desarrollo de t\u00e9cnicas constructivas, as\u00ed como &#8230;<\/p>\n","protected":false},"author":1,"featured_media":0,"parent":0,"menu_order":0,"comment_status":"closed","ping_status":"closed","template":"","meta":{"footnotes":""},"class_list":["post-17","page","type-page","status-publish","hentry"],"_links":{"self":[{"href":"https:\/\/andamioscolma.com\/index.php\/wp-json\/wp\/v2\/pages\/17","targetHints":{"allow":["GET"]}}],"collection":[{"href":"https:\/\/andamioscolma.com\/index.php\/wp-json\/wp\/v2\/pages"}],"about":[{"href":"https:\/\/andamioscolma.com\/index.php\/wp-json\/wp\/v2\/types\/page"}],"author":[{"embeddable":true,"href":"https:\/\/andamioscolma.com\/index.php\/wp-json\/wp\/v2\/users\/1"}],"replies":[{"embeddable":true,"href":"https:\/\/andamioscolma.com\/index.php\/wp-json\/wp\/v2\/comments?post=17"}],"version-history":[{"count":6,"href":"https:\/\/andamioscolma.com\/index.php\/wp-json\/wp\/v2\/pages\/17\/revisions"}],"predecessor-version":[{"id":315,"href":"https:\/\/andamioscolma.com\/index.php\/wp-json\/wp\/v2\/pages\/17\/revisions\/315"}],"wp:attachment":[{"href":"https:\/\/andamioscolma.com\/index.php\/wp-json\/wp\/v2\/media?parent=17"}],"curies":[{"name":"wp","href":"https:\/\/api.w.org\/{rel}","templated":true}]}}